{"id":6962,"date":"2016-09-28T13:03:09","date_gmt":"2016-09-28T11:03:09","guid":{"rendered":"https:\/\/www.kingrock.it\/orari-e-contatti\/"},"modified":"2024-09-02T11:00:58","modified_gmt":"2024-09-02T09:00:58","slug":"orari-e-contatti","status":"publish","type":"page","link":"https:\/\/www.kingrock.it\/en\/orari-e-contatti\/","title":{"rendered":"Opening hours and contacts"},"content":{"rendered":"<h3 style=\"text-align: center;\">Palestra King Rock<br \/>\nVia Ca&#8217; di Mazz\u00e8, 21 37134 Verona VR<\/h3>\n<p style=\"text-align: center;\"><strong>KING ROCK CLIMBING <\/strong>(palestra arrampicata)<br \/>\nTel. 045 582569<br \/>\n<a href=\"mailto:info@kingrock.it\">info@kingrock.it<\/a><\/p>\n<p style=\"text-align: center;\"><strong>KING ROCK GYM <\/strong>(palestra fitness)<br \/>\nTel. 345 3621488<br \/>\n<a href=\"mailto:infogym@kingrock.it\">infogym@kingrock.it<\/a><\/p>\n<p style=\"text-align: center;\"><strong>SEGRETERIA ASD KING ROCK CLIMBING <\/strong>(agonistica e corsi bambini e ragazzi)<br \/>\ndal Luned\u00ec al Venerd\u00ec 14.30-19.00<br \/>\nTel: <span class=\"s1\">3470413453<\/span><br \/>\n<a href=\"mailto:info@kingrock.it\">asd@kingrock.it<\/a><\/p>\n<p style=\"text-align: center;\"><span class=\"s1\"> <strong>XMOUNTAIN GUIDE ALPINE <\/strong>(corsi adulti)<br \/>\ndal Luned\u00ec al Venerd\u00ec 16.00-20.00<br \/>\n<\/span><span class=\"s1\">Tel. 366 6057346<br \/>\n<a href=\"mailto:info@xmountain.it\">info@xmountain.it<\/a><\/span><\/p>\n<h2 style=\"text-align: center; margin-top: 40px;\">ORARI di APERTURA<\/h2>\n<h3 style=\"text-align: center;\"><strong>CENTRO ARRAMPICATA<\/strong>:<br \/>\n<strong><span style=\"color: #ff0000;\">ORARI PROVVISORI DOVUTI ALL&#8217;EMERGENZA COVID-19<\/span><\/strong><\/h3>\n<p style=\"text-align: center;\"><strong>mese di Ottobre:<br \/>\n<\/strong>LUNEDI e MERCOLEDI&#8217; dalle 9.00 alle 23.30<br \/>\nMARTEDI&#8217; e GIOVEDI&#8217; dalle 7.00 alle 23.30<br \/>\n<span style=\"color: #000000;\">VENERDI dalle 9.00 alle 21.30<br \/>\n<\/span>SABATO E DOMENICA dalle 11.00 alle 20.00 (in caso di pioggia apertura anticipata alle 8.00)<\/p>\n<p style=\"text-align: center;\"><strong>TURNI DI ARRAMPICATA (sale vertical o boulder)<\/strong><\/p>\n<p style=\"text-align: center;\"><img loading=\"lazy\" decoding=\"async\" class=\"aligncenter size-full wp-image-6363\" src=\"https:\/\/www.kingrock.it\/wp-content\/uploads\/2020\/09\/Schermata-2020-09-29-alle-16.23.38.png\" alt=\"\" width=\"370\" height=\"212\" srcset=\"https:\/\/www.kingrock.it\/wp-content\/uploads\/2020\/09\/Schermata-2020-09-29-alle-16.23.38.png 370w, https:\/\/www.kingrock.it\/wp-content\/uploads\/2020\/09\/Schermata-2020-09-29-alle-16.23.38-300x172.png 300w\" sizes=\"auto, (max-width: 370px) 100vw, 370px\" \/><\/p>\n<p style=\"text-align: center;\"><strong>SPORTLER<\/strong> (negozio)<br \/>\nMARTEDI 17-20<br \/>\nMERCOLEDI 17-20<br \/>\nGIOVEDI 17-20<\/p>\n<h1 style=\"text-align: center;\"><span style=\"color: #ff6600;\"><strong>2020<\/strong><\/span><\/h1>\n<p style=\"text-align: center;\"><strong>GENNAIO\u2028 2020<\/strong><br \/>\nOrari: dal luned\u00ec al gioved\u00ec ore 8,00-24,00 (fine attivit\u00e0 ore 23,15)<br \/>\nvenerd\u00ec ore 8,00-22,30 (fine attivit\u00e0 ore 22,00)<br \/>\nsabato e domenica 9,00-20,00 (fine attivit\u00e0 ore 19,30)<br \/>\n1 GENNAIO CHIUSO<br \/>\n6 GENNAIO aperto ore 9,00-20,00 (fine attivit\u00e0 ore 19,30)<\/p>\n<p style=\"text-align: center;\"><strong>FEBBRAIO\u2028 2020<\/strong><br \/>\nOrari: dal luned\u00ec al gioved\u00ec ore 8,00-24,00 (fine attivit\u00e0 ore 23,15)<br \/>\nvenerd\u00ec ore 8,00-22,30 (fine attivit\u00e0 ore 22,00)<br \/>\nsabato e domenica 9,00-20,00 (fine attivit\u00e0 ore 19,30)<\/p>\n<p style=\"text-align: center;\"><strong>MARZO\u2028 2020<\/strong><br \/>\nOrari: dal luned\u00ec al gioved\u00ec ore 8,00-24,00 (fine attivit\u00e0 ore 23,15)<br \/>\nvenerd\u00ec ore 8,00-22,30 (fine attivit\u00e0 ore 22,00)<br \/>\nsabato e domenica 9,00-20,00 (fine attivit\u00e0 ore 19,30)<\/p>\n<p style=\"text-align: center;\"><strong>APRILE\u2028 2020<\/strong><br \/>\nOrari: dal luned\u00ec al gioved\u00ec ore 8,00-24,00 (fine attivit\u00e0 ore 23,15)<br \/>\nvenerd\u00ec ore 8,00-22,30 (fine attivit\u00e0 ore 22,00)<br \/>\nsabato e domenica 9,00-20,00 (fine attivit\u00e0 ore 19,30)<br \/>\nDomenica 12 aprile PASQUA CHIUSO<br \/>\nPASQUETTA aperto ore 9,00-20,00 (fine attivit\u00e0 ore 19,30)<br \/>\n25 APRILE aperto solo in caso di maltempo 9,00-20,00 (fine attivit\u00e0 ore 19,30)*<\/p>\n<p style=\"text-align: center;\"><strong>MAGGIO 2020<\/strong><br \/>\nOrari: dal luned\u00ec al gioved\u00ec ore 8,00-24,00 (fine attivit\u00e0 ore 23,15)<br \/>\nvenerd\u00ec ore 8,00-22,30 (fine attivit\u00e0 ore 22,00)<br \/>\nsabato e domenica 9,00-20,00 (fine attivit\u00e0 ore 19,30)<br \/>\n1 MAGGIO aperto solo in caso di maltempo 9,00-20,00 (fine attivit\u00e0 ore 19,30)*<\/p>\n<p style=\"text-align: center;\"><strong>GIUGNO\u2028 2020<\/strong><br \/>\nOrari: dal luned\u00ec al gioved\u00ec ore 8,00-24,00 (fine attivit\u00e0 ore 23,15)<br \/>\nvenerd\u00ec ore 8,00-22,30 (fine attivit\u00e0 ore 22,00)<br \/>\nsabato ore 9,00-19,00 (fine attivit\u00e0 ore 18,30)<br \/>\ndomenica 10,00-19,00 (fine attivit\u00e0 ore 18,30)<br \/>\n2 GIUGNO aperto dalle 10,00-19,00 (fine attivit\u00e0 ore 18,30)<\/p>\n<p style=\"text-align: center;\"><strong>LUGLIO\u2028 2020<\/strong><br \/>\nOrari: dal luned\u00ec al gioved\u00ec ore 8,00-24,00 (fine attivit\u00e0 ore 23,15)<br \/>\nvenerd\u00ec ore 8,00-22,30 (fine attivit\u00e0 ore 22,00)<br \/>\nsabato 10,00-19,00 (fine attivit\u00e0 ore 18,30)<br \/>\ndomenica aperto solo in caso di maltempo (controllare il sito) ore 10,00-19,00 (fine attivit\u00e0 ore 18,30)<\/p>\n<p style=\"text-align: center;\"><strong>AGOSTO\u2028<\/strong> <strong>2020<\/strong><br \/>\nOrari: dal luned\u00ec al gioved\u00ec ore 8,00-24,00 (fine attivit\u00e0 ore 23,15)<br \/>\nvenerd\u00ec ore 8,00-22,30 (fine attivit\u00e0 ore 22,00)<br \/>\nsabato e domenica aperto solo in caso di maltempo (controllare il sito) ore 10,00-19,00 (fine attivit\u00e0 ore 18,30)<br \/>\nCHIUSO PER MANUTENZIONI NELLA SETTIMANA DI FERRAGOSTO<br \/>\n(da domenica a domenica comprese)<\/p>\n<p style=\"text-align: center;\"><strong>SETTEMBRE\u2028<\/strong> <strong>2020<\/strong><br \/>\nOrari: dal luned\u00ec al gioved\u00ec ore 8,00-24,00 (fine attivit\u00e0 ore 23,15)<br \/>\nvenerd\u00ec ore 8,00-22,30 (fine attivit\u00e0 ore 22,00)<br \/>\nsabato e domenica 9,00-19,00 (fine attivit\u00e0 ore 18,30)<\/p>\n<p style=\"text-align: center;\"><strong>OTTOBRE 2020<\/strong><br \/>\nOrari: dal luned\u00ec al gioved\u00ec ore 8,00-24,00 (fine attivit\u00e0 ore 23,15)<br \/>\nvenerd\u00ec ore 8,00-22,30 (fine attivit\u00e0 ore 22,00)<br \/>\nsabato e domenica 9,00-20,00 (fine attivit\u00e0 ore 19,30)<\/p>\n<p style=\"text-align: center;\"><strong>NOVEMBRE\u2028 2020<\/strong><br \/>\nOrari: dal luned\u00ec al gioved\u00ec ore 8,00-24,00 (fine attivit\u00e0 ore 23,15)<br \/>\nvenerd\u00ec ore 8,00-22,30 (fine attivit\u00e0 ore 22,00)<br \/>\nsabato e domenica 9,00-20,00 (fine attivit\u00e0 ore 19,30)<br \/>\n1 NOVEMBRE ore 9,00-20,00<\/p>\n<p style=\"text-align: center;\"><strong>DICEMBRE\u2028 2020<\/strong><br \/>\nOrari: dal luned\u00ec al gioved\u00ec ore 8,00-24,00 (fine attivit\u00e0 ore 23,15)<br \/>\nvenerd\u00ec ore 8,00-22,30 (fine attivit\u00e0 ore 22,00)<br \/>\nsabato e domenica 9,00-20,00 (fine attivit\u00e0 ore 19,30)<br \/>\n8 DICEMBRE ore 9,00-20,00 (fine attivit\u00e0 ore 19,30)<br \/>\n24 DICEMBRE ore 9,00-19,00 (fine attivit\u00e0 ore 18,30)<br \/>\n25 DICEMBRE (NATALE) CHIUSO<br \/>\n26 DICEMBRE ore 9,00-20,00 (fine attivit\u00e0 ore 19,30)<br \/>\n31 DICEMBRE ore 9,00-19,00 (fine attivit\u00e0 ore 18,30)<\/p>\n<p style=\"text-align: center;\"><strong>*VERIFICARE L&#8217;APERTURA DEL CENTRO SULLE NEWS DEL SITO E SULLA PAGINA FACEBOOK<\/strong><br \/>\n<strong>DEL KING ROCK<\/strong>: https:\/\/www.facebook.com\/KingRockClimbing\/?ref=br_rs<\/p>\n<p style=\"text-align: center;\"><strong>GYM<\/strong>:<br \/>\nDal lunedi al venerd\u00ec <strong>9:00 &#8211; 22:00<\/strong><br \/>\nSabato<strong> 9:00 &#8211; 18:00<br \/>\n<\/strong>Domenica<strong> 9:00 &#8211; 18:00<br \/>\nDi sabato, di domenica e nei giorni festivi il gym seguir\u00e0 gli stessi orari del centro arrampicata.<\/strong><\/p>\n<p style=\"text-align: center;\"><strong>\u00a0<\/strong><\/p>\n<p style=\"text-align: center;\"><strong>\u00a0<\/strong><\/p>\n<p>&nbsp;<\/p>\n","protected":false},"excerpt":{"rendered":"<p>Palestra King Rock Via Ca&#8217; di Mazz\u00e8, 21 37134 Verona VR KING ROCK CLIMBING (palestra arrampicata) Tel. 045 582569 info@kingrock.it KING ROCK GYM (palestra fitness) Tel. 345 3621488 infogym@kingrock.it SEGRETERIA ASD KING ROCK CLIMBING (agonistica e corsi bambini e ragazzi) dal Luned\u00ec al Venerd\u00ec 14.30-19.00 Tel: 3470413453 asd@kingrock.it XMOUNTAIN GUIDE ALPINE (corsi adulti) dal Luned\u00ec [&hellip;]<\/p>\n","protected":false},"author":1,"featured_media":0,"parent":0,"menu_order":7,"comment_status":"closed","ping_status":"closed","template":"","meta":{"_acf_changed":false,"footnotes":""},"class_list":["post-6962","page","type-page","status-publish","hentry"],"acf":[],"yoast_head":"<!-- This site is optimized with the Yoast SEO plugin v27.4 - https:\/\/yoast.com\/product\/yoast-seo-wordpress\/ -->\n<title>Opening hours and contacts - King Rock<\/title>\n<meta name=\"description\" content=\"Palestra King Rock Via Ca&#039; di Mazz\u00e8, 21 37134 Verona VR KING ROCK CLIMBING (palestra arrampicata) Tel. 045 582569 info@kingrock.it KING ROCK GYM (palestra\" \/>\n<meta name=\"robots\" content=\"index, follow, max-snippet:-1, max-image-preview:large, max-video-preview:-1\" \/>\n<link rel=\"canonical\" href=\"https:\/\/www.kingrock.it\/en\/orari-e-contatti\/\" \/>\n<meta property=\"og:locale\" content=\"en_US\" \/>\n<meta property=\"og:type\" content=\"article\" \/>\n<meta property=\"og:title\" content=\"Opening hours and contacts - King Rock\" \/>\n<meta property=\"og:description\" content=\"Palestra King Rock Via Ca&#039; di Mazz\u00e8, 21 37134 Verona VR KING ROCK CLIMBING (palestra arrampicata) Tel. 045 582569 info@kingrock.it KING ROCK GYM (palestra\" \/>\n<meta property=\"og:url\" content=\"https:\/\/www.kingrock.it\/en\/orari-e-contatti\/\" \/>\n<meta property=\"og:site_name\" content=\"King Rock\" \/>\n<meta property=\"article:publisher\" content=\"https:\/\/www.facebook.com\/KingRockClimbing\" \/>\n<meta property=\"article:modified_time\" content=\"2024-09-02T09:00:58+00:00\" \/>\n<meta property=\"og:image\" content=\"https:\/\/www.kingrock.it\/wp-content\/uploads\/2020\/09\/Schermata-2020-09-29-alle-16.23.38.png\" \/>\n<meta name=\"twitter:card\" content=\"summary_large_image\" \/>\n<meta name=\"twitter:label1\" content=\"Est. reading time\" \/>\n\t<meta name=\"twitter:data1\" content=\"4 minutes\" \/>\n<script type=\"application\/ld+json\" class=\"yoast-schema-graph\">{\"@context\":\"https:\\\/\\\/schema.org\",\"@graph\":[{\"@type\":\"WebPage\",\"@id\":\"https:\\\/\\\/www.kingrock.it\\\/en\\\/orari-e-contatti\\\/\",\"url\":\"https:\\\/\\\/www.kingrock.it\\\/en\\\/orari-e-contatti\\\/\",\"name\":\"Opening hours and contacts - King Rock\",\"isPartOf\":{\"@id\":\"https:\\\/\\\/www.kingrock.it\\\/en\\\/#website\"},\"primaryImageOfPage\":{\"@id\":\"https:\\\/\\\/www.kingrock.it\\\/en\\\/orari-e-contatti\\\/#primaryimage\"},\"image\":{\"@id\":\"https:\\\/\\\/www.kingrock.it\\\/en\\\/orari-e-contatti\\\/#primaryimage\"},\"thumbnailUrl\":\"https:\\\/\\\/www.kingrock.it\\\/wp-content\\\/uploads\\\/2020\\\/09\\\/Schermata-2020-09-29-alle-16.23.38.png\",\"datePublished\":\"2016-09-28T11:03:09+00:00\",\"dateModified\":\"2024-09-02T09:00:58+00:00\",\"description\":\"Palestra King Rock Via Ca' di Mazz\u00e8, 21 37134 Verona VR KING ROCK CLIMBING (palestra arrampicata) Tel. 045 582569 info@kingrock.it KING ROCK GYM (palestra\",\"breadcrumb\":{\"@id\":\"https:\\\/\\\/www.kingrock.it\\\/en\\\/orari-e-contatti\\\/#breadcrumb\"},\"inLanguage\":\"en-US\",\"potentialAction\":[{\"@type\":\"ReadAction\",\"target\":[\"https:\\\/\\\/www.kingrock.it\\\/en\\\/orari-e-contatti\\\/\"]}]},{\"@type\":\"ImageObject\",\"inLanguage\":\"en-US\",\"@id\":\"https:\\\/\\\/www.kingrock.it\\\/en\\\/orari-e-contatti\\\/#primaryimage\",\"url\":\"https:\\\/\\\/www.kingrock.it\\\/wp-content\\\/uploads\\\/2020\\\/09\\\/Schermata-2020-09-29-alle-16.23.38.png\",\"contentUrl\":\"https:\\\/\\\/www.kingrock.it\\\/wp-content\\\/uploads\\\/2020\\\/09\\\/Schermata-2020-09-29-alle-16.23.38.png\"},{\"@type\":\"BreadcrumbList\",\"@id\":\"https:\\\/\\\/www.kingrock.it\\\/en\\\/orari-e-contatti\\\/#breadcrumb\",\"itemListElement\":[{\"@type\":\"ListItem\",\"position\":1,\"name\":\"Home\",\"item\":\"https:\\\/\\\/www.kingrock.it\\\/en\\\/\"},{\"@type\":\"ListItem\",\"position\":2,\"name\":\"Opening hours and contacts\"}]},{\"@type\":\"WebSite\",\"@id\":\"https:\\\/\\\/www.kingrock.it\\\/en\\\/#website\",\"url\":\"https:\\\/\\\/www.kingrock.it\\\/en\\\/\",\"name\":\"King Rock\",\"description\":\"Palestra di roccia | arrampicata\",\"publisher\":{\"@id\":\"https:\\\/\\\/www.kingrock.it\\\/en\\\/#organization\"},\"potentialAction\":[{\"@type\":\"SearchAction\",\"target\":{\"@type\":\"EntryPoint\",\"urlTemplate\":\"https:\\\/\\\/www.kingrock.it\\\/en\\\/?s={search_term_string}\"},\"query-input\":{\"@type\":\"PropertyValueSpecification\",\"valueRequired\":true,\"valueName\":\"search_term_string\"}}],\"inLanguage\":\"en-US\"},{\"@type\":\"Organization\",\"@id\":\"https:\\\/\\\/www.kingrock.it\\\/en\\\/#organization\",\"name\":\"King Rock\",\"url\":\"https:\\\/\\\/www.kingrock.it\\\/en\\\/\",\"logo\":{\"@type\":\"ImageObject\",\"inLanguage\":\"en-US\",\"@id\":\"https:\\\/\\\/www.kingrock.it\\\/en\\\/#\\\/schema\\\/logo\\\/image\\\/\",\"url\":\"https:\\\/\\\/www.kingrock.it\\\/wp-content\\\/uploads\\\/2022\\\/12\\\/KR_Colori.png\",\"contentUrl\":\"https:\\\/\\\/www.kingrock.it\\\/wp-content\\\/uploads\\\/2022\\\/12\\\/KR_Colori.png\",\"width\":1281,\"height\":1200,\"caption\":\"King Rock\"},\"image\":{\"@id\":\"https:\\\/\\\/www.kingrock.it\\\/en\\\/#\\\/schema\\\/logo\\\/image\\\/\"},\"sameAs\":[\"https:\\\/\\\/www.facebook.com\\\/KingRockClimbing\",\"https:\\\/\\\/www.instagram.com\\\/kingrockclimbing\",\"https:\\\/\\\/www.youtube.com\\\/channel\\\/UCFzPD4PRgEYLfqyGoZD9s_A\"]}]}<\/script>\n<!-- \/ Yoast SEO plugin. -->","yoast_head_json":{"title":"Opening hours and contacts - King Rock","description":"Palestra King Rock Via Ca' di Mazz\u00e8, 21 37134 Verona VR KING ROCK CLIMBING (palestra arrampicata) Tel. 045 582569 info@kingrock.it KING ROCK GYM (palestra","robots":{"index":"index","follow":"follow","max-snippet":"max-snippet:-1","max-image-preview":"max-image-preview:large","max-video-preview":"max-video-preview:-1"},"canonical":"https:\/\/www.kingrock.it\/en\/orari-e-contatti\/","og_locale":"en_US","og_type":"article","og_title":"Opening hours and contacts - King Rock","og_description":"Palestra King Rock Via Ca' di Mazz\u00e8, 21 37134 Verona VR KING ROCK CLIMBING (palestra arrampicata) Tel. 045 582569 info@kingrock.it KING ROCK GYM (palestra","og_url":"https:\/\/www.kingrock.it\/en\/orari-e-contatti\/","og_site_name":"King Rock","article_publisher":"https:\/\/www.facebook.com\/KingRockClimbing","article_modified_time":"2024-09-02T09:00:58+00:00","og_image":[{"url":"https:\/\/www.kingrock.it\/wp-content\/uploads\/2020\/09\/Schermata-2020-09-29-alle-16.23.38.png","type":"","width":"","height":""}],"twitter_card":"summary_large_image","twitter_misc":{"Est. reading time":"4 minutes"},"schema":{"@context":"https:\/\/schema.org","@graph":[{"@type":"WebPage","@id":"https:\/\/www.kingrock.it\/en\/orari-e-contatti\/","url":"https:\/\/www.kingrock.it\/en\/orari-e-contatti\/","name":"Opening hours and contacts - King Rock","isPartOf":{"@id":"https:\/\/www.kingrock.it\/en\/#website"},"primaryImageOfPage":{"@id":"https:\/\/www.kingrock.it\/en\/orari-e-contatti\/#primaryimage"},"image":{"@id":"https:\/\/www.kingrock.it\/en\/orari-e-contatti\/#primaryimage"},"thumbnailUrl":"https:\/\/www.kingrock.it\/wp-content\/uploads\/2020\/09\/Schermata-2020-09-29-alle-16.23.38.png","datePublished":"2016-09-28T11:03:09+00:00","dateModified":"2024-09-02T09:00:58+00:00","description":"Palestra King Rock Via Ca' di Mazz\u00e8, 21 37134 Verona VR KING ROCK CLIMBING (palestra arrampicata) Tel. 045 582569 info@kingrock.it KING ROCK GYM (palestra","breadcrumb":{"@id":"https:\/\/www.kingrock.it\/en\/orari-e-contatti\/#breadcrumb"},"inLanguage":"en-US","potentialAction":[{"@type":"ReadAction","target":["https:\/\/www.kingrock.it\/en\/orari-e-contatti\/"]}]},{"@type":"ImageObject","inLanguage":"en-US","@id":"https:\/\/www.kingrock.it\/en\/orari-e-contatti\/#primaryimage","url":"https:\/\/www.kingrock.it\/wp-content\/uploads\/2020\/09\/Schermata-2020-09-29-alle-16.23.38.png","contentUrl":"https:\/\/www.kingrock.it\/wp-content\/uploads\/2020\/09\/Schermata-2020-09-29-alle-16.23.38.png"},{"@type":"BreadcrumbList","@id":"https:\/\/www.kingrock.it\/en\/orari-e-contatti\/#breadcrumb","itemListElement":[{"@type":"ListItem","position":1,"name":"Home","item":"https:\/\/www.kingrock.it\/en\/"},{"@type":"ListItem","position":2,"name":"Opening hours and contacts"}]},{"@type":"WebSite","@id":"https:\/\/www.kingrock.it\/en\/#website","url":"https:\/\/www.kingrock.it\/en\/","name":"King Rock","description":"Palestra di roccia | arrampicata","publisher":{"@id":"https:\/\/www.kingrock.it\/en\/#organization"},"potentialAction":[{"@type":"SearchAction","target":{"@type":"EntryPoint","urlTemplate":"https:\/\/www.kingrock.it\/en\/?s={search_term_string}"},"query-input":{"@type":"PropertyValueSpecification","valueRequired":true,"valueName":"search_term_string"}}],"inLanguage":"en-US"},{"@type":"Organization","@id":"https:\/\/www.kingrock.it\/en\/#organization","name":"King Rock","url":"https:\/\/www.kingrock.it\/en\/","logo":{"@type":"ImageObject","inLanguage":"en-US","@id":"https:\/\/www.kingrock.it\/en\/#\/schema\/logo\/image\/","url":"https:\/\/www.kingrock.it\/wp-content\/uploads\/2022\/12\/KR_Colori.png","contentUrl":"https:\/\/www.kingrock.it\/wp-content\/uploads\/2022\/12\/KR_Colori.png","width":1281,"height":1200,"caption":"King Rock"},"image":{"@id":"https:\/\/www.kingrock.it\/en\/#\/schema\/logo\/image\/"},"sameAs":["https:\/\/www.facebook.com\/KingRockClimbing","https:\/\/www.instagram.com\/kingrockclimbing","https:\/\/www.youtube.com\/channel\/UCFzPD4PRgEYLfqyGoZD9s_A"]}]}},"_links":{"self":[{"href":"https:\/\/www.kingrock.it\/en\/wp-json\/wp\/v2\/pages\/6962","targetHints":{"allow":["GET"]}}],"collection":[{"href":"https:\/\/www.kingrock.it\/en\/wp-json\/wp\/v2\/pages"}],"about":[{"href":"https:\/\/www.kingrock.it\/en\/wp-json\/wp\/v2\/types\/page"}],"author":[{"embeddable":true,"href":"https:\/\/www.kingrock.it\/en\/wp-json\/wp\/v2\/users\/1"}],"replies":[{"embeddable":true,"href":"https:\/\/www.kingrock.it\/en\/wp-json\/wp\/v2\/comments?post=6962"}],"version-history":[{"count":13,"href":"https:\/\/www.kingrock.it\/en\/wp-json\/wp\/v2\/pages\/6962\/revisions"}],"predecessor-version":[{"id":9660,"href":"https:\/\/www.kingrock.it\/en\/wp-json\/wp\/v2\/pages\/6962\/revisions\/9660"}],"wp:attachment":[{"href":"https:\/\/www.kingrock.it\/en\/wp-json\/wp\/v2\/media?parent=6962"}],"curies":[{"name":"wp","href":"https:\/\/api.w.org\/{rel}","templated":true}]}}